{"id":2681,"date":"2014-11-11T11:09:47","date_gmt":"2014-11-11T11:09:47","guid":{"rendered":"https:\/\/primetechnologiescompany.com\/home-2\/"},"modified":"2021-03-05T10:01:52","modified_gmt":"2021-03-05T10:01:52","slug":"home-2","status":"publish","type":"page","link":"https:\/\/primetechnologiescompany.com\/fr\/","title":{"rendered":"Page d&rsquo;accueil"},"content":{"rendered":"<p>[vc_row 0=\u00a0\u00bbhas_content=\u00ab\u00a0true\u00ab\u00a0css\u00ab\u00a0.vc_custom_1579525835742{margin-bottom:\u00a0\u00bb 1=\u00a0\u00bb300px\u00a0\u00bb 2=\u00a0\u00bb!important;}\u00ab\u00a0\u00a0\u00bb full_width=\u00a0\u00bbstretch_row_content_no_spaces\u00a0\u00bb][vc_column][rev_slider_vc alias=\u00a0\u00bbhome-1&Prime;][\/vc_column][\/vc_row][vc_row 0=\u00a0\u00bbcss=\u00ab\u00a0.vc_custom_1530278331180{background-position:\u00a0\u00bb 1=\u00a0\u00bbcenter!\u00a0\u00bb 2=\u00a0\u00bbimportant;\u00a0\u00bb 3=\u00a0\u00bbbackground-repeat:\u00a0\u00bb 4=\u00a0\u00bbno-repeat!\u00a0\u00bb 5=\u00a0\u00bbimportant;\u00a0\u00bb 6=\u00a0\u00bbbackground-size:\u00a0\u00bb 7=\u00a0\u00bbcover\u00a0\u00bb 8=\u00a0\u00bb!important;}\u00ab\u00a0el_class=\u00ab\u00a0position-top-over\u00ab\u00a0\u00ab\u00a0][vc_column width=\u00a0\u00bb1\/3&Prime; css=\u00a0\u00bb.vc_custom_1530278316047{background-color: #ffffff !important;}\u00a0\u00bb]<a href=\"#\" class=\"f-content f-content--style-2\"><div class=\"f-content__image\"><img width=\"1000\" height=\"730\" src=\"https:\/\/primetechnologiescompany.com\/wp-content\/uploads\/2020\/01\/6195.jpg\" class=\"attachment-full size-full\" alt=\"\" decoding=\"async\" loading=\"lazy\" srcset=\"https:\/\/primetechnologiescompany.com\/wp-content\/uploads\/2020\/01\/6195.jpg 1000w, https:\/\/primetechnologiescompany.com\/wp-content\/uploads\/2020\/01\/6195-300x219.jpg 300w, https:\/\/primetechnologiescompany.com\/wp-content\/uploads\/2020\/01\/6195-768x561.jpg 768w, https:\/\/primetechnologiescompany.com\/wp-content\/uploads\/2020\/01\/6195-370x270.jpg 370w, https:\/\/primetechnologiescompany.com\/wp-content\/uploads\/2020\/01\/6195-360x263.jpg 360w\" sizes=\"(max-width: 1000px) 100vw, 1000px\" \/><\/div><div class=\"f-content__wrap\"><div class=\"f-content__inner-wrap\"><div class=\"f-content__icon\" style=\"background-color: #ffcc43; \"><i class=\"\"><\/i><\/div><div class=\"f-content__title\">MAINTENANCE PROPRI\u00c9T\u00c9<\/div><div class=\"f-content__divider\" style=\"background-color: #ffffff; \"><\/div><\/div><div class=\"f-content__content\">PTC Facility Management est un domaine interdisciplinaire principalement d\u00e9di\u00e9 \u00e0 la maintenance et aux soins 24 heures sur 24 des institutions commerciales, r\u00e9sidentielles et industrielles, telles que: maisons, h\u00f4pitaux, restaurants, magasins, h\u00f4tels, complexes de bureaux, ar\u00e8nes et paysages. Notre \u00e9quipe d&rsquo;experts est compos\u00e9e d&rsquo;ing\u00e9nieurs, d&rsquo;\u00e9lectriciens, de plombiers et de professionnels du CVC hautement qualifi\u00e9s. Nous effectuons \u00e0 la fois une maintenance pr\u00e9ventive et corrective des \u00e9quipements de la propri\u00e9t\u00e9 pour assurer sa qualit\u00e9, augmenter sa dur\u00e9e de vie et, par ricochet, sa valeur.<\/div><\/div><\/a>[\/vc_column][vc_column width=\u00a0\u00bb1\/3&Prime; css=\u00a0\u00bb.vc_custom_1530278321487{background-color: #ffffff !important;}\u00a0\u00bb]<a href=\"#\" class=\"f-content f-content--style-2\"><div class=\"f-content__image\"><img width=\"1000\" height=\"730\" src=\"https:\/\/primetechnologiescompany.com\/wp-content\/uploads\/2020\/01\/469.jpg\" class=\"attachment-full size-full\" alt=\"\" decoding=\"async\" loading=\"lazy\" srcset=\"https:\/\/primetechnologiescompany.com\/wp-content\/uploads\/2020\/01\/469.jpg 1000w, https:\/\/primetechnologiescompany.com\/wp-content\/uploads\/2020\/01\/469-300x219.jpg 300w, https:\/\/primetechnologiescompany.com\/wp-content\/uploads\/2020\/01\/469-768x561.jpg 768w, https:\/\/primetechnologiescompany.com\/wp-content\/uploads\/2020\/01\/469-370x270.jpg 370w, https:\/\/primetechnologiescompany.com\/wp-content\/uploads\/2020\/01\/469-360x263.jpg 360w\" sizes=\"(max-width: 1000px) 100vw, 1000px\" \/><\/div><div class=\"f-content__wrap\"><div class=\"f-content__inner-wrap\"><div class=\"f-content__icon\" style=\"background-color: #ffcc43; \"><i class=\"\"><\/i><\/div><div class=\"f-content__title\">GESTION ET MAINTENANCE DES INSTALLATIONS<\/div><div class=\"f-content__divider\" style=\"background-color: #ffffff; \"><\/div><\/div><div class=\"f-content__content\">Un responsable d\u00e9di\u00e9 sera affect\u00e9 dans les locaux du client pour assurer ce qui suit:<\/p>\n<ul>\n<li>Enqu\u00eate et coordination avec les prestataires de maintenance externes pour la maintenance pr\u00e9ventive et corrective.<\/li>\n<li>Pr\u00e9paration de devis pour travaux majeurs de r\u00e9novation \u00e0 la propri\u00e9t\u00e9.<\/li>\n<li>Services de comptabilit\u00e9.<\/li>\n<li>Participation et pr\u00e9paration de l&rsquo;assembl\u00e9e g\u00e9n\u00e9rale annuelle.<\/li>\n<li>Gestion des employ\u00e9s de la zone commune et autres services doux, y compris les services de nettoyage, de s\u00e9curit\u00e9 et d&rsquo;entretien m\u00e9nager.<\/li>\n<li>Services juridiques.<\/li>\n<\/ul>\n<p><\/div><\/div><\/a>[\/vc_column][vc_column width=\u00a0\u00bb1\/3&Prime;]<a href=\"#\" class=\"f-content f-content--style-2\"><div class=\"f-content__image\"><img width=\"1000\" height=\"730\" src=\"https:\/\/primetechnologiescompany.com\/wp-content\/uploads\/2020\/01\/14323.jpg\" class=\"attachment-full size-full\" alt=\"\" decoding=\"async\" loading=\"lazy\" srcset=\"https:\/\/primetechnologiescompany.com\/wp-content\/uploads\/2020\/01\/14323.jpg 1000w, https:\/\/primetechnologiescompany.com\/wp-content\/uploads\/2020\/01\/14323-300x219.jpg 300w, https:\/\/primetechnologiescompany.com\/wp-content\/uploads\/2020\/01\/14323-768x561.jpg 768w, https:\/\/primetechnologiescompany.com\/wp-content\/uploads\/2020\/01\/14323-370x270.jpg 370w, https:\/\/primetechnologiescompany.com\/wp-content\/uploads\/2020\/01\/14323-360x263.jpg 360w\" sizes=\"(max-width: 1000px) 100vw, 1000px\" \/><\/div><div class=\"f-content__wrap\"><div class=\"f-content__inner-wrap\"><div class=\"f-content__icon\" style=\"background-color: #ffcc43; \"><i class=\"\"><\/i><\/div><div class=\"f-content__title\">PROCESSUS DE GESTION DE PROPRI\u00c9T\u00c9<\/div><div class=\"f-content__divider\" style=\"background-color: #ffffff; \"><\/div><\/div><div class=\"f-content__content\">Nos \u00e9quipes tournantes sont disponibles 24 heures sur 24, 7 jours sur 7, pour les services suivants et plus encore:<\/p>\n<ul>\n<li>Entretien de tous les travaux architecturaux, civils et d\u00e9coratifs pour l&rsquo;int\u00e9rieur et l&rsquo;ext\u00e9rieur.<\/li>\n<li>Maintenance des installations \u00e9lectriques, m\u00e9caniques et de plomberie.<\/li>\n<li>Entretien des syst\u00e8mes de chauffage et de refroidissement.<\/li>\n<li>Imperm\u00e9abilisation.<\/li>\n<li>Enqu\u00eate sur l&rsquo;entretien des g\u00e9n\u00e9rateurs, ascenseurs, syst\u00e8mes \u00e0 courant faible et autres \u00e9quipements sp\u00e9cialis\u00e9s.<\/li>\n<li>Inspection et surveillance p\u00e9riodiques de l&rsquo;eau.<\/li>\n<li>Entretien paysager.<\/li>\n<li>Antiparasitaire.<\/li>\n<\/ul>\n<p><\/div><\/div><\/a>[\/vc_column][\/vc_row][vc_row 0=\u00a0\u00bbhas_content =\u00a0\u00bb 1=\u00a0\u00bbinside\u00a0\u00bb 2=\u00a0\u00bb\u00ab\u00a0\u00a0\u00bb full_width=\u00a0\u00bbstretch_row_content\u00a0\u00bb parallax=\u00a0\u00bbcontent-moving\u00a0\u00bb parallax_image=\u00a0\u00bb1854&Prime; parallax_speed_bg=\u00a0\u00bb2&Prime; css=\u00a0\u00bb.vc_custom_1579515317979{padding-top: 70px !important; padding-bottom: 70px! important }\u00a0\u00bb][vc_column]<div class='container'><div class='row owly'><div class='col-md-6 col-xs-6'><h2 style='color:#ffffff;'>\u0152uvre en vedette<\/h2><\/div><div class='col-xs-6 col-md-6 align-right'><a class='owlprev' style='background:#0a0a0a;'><i class='fa fa-chevron-left' style='color:#ffffff;'><\/i><\/a><a class='owlnext' style='background:#0a0a0a;'><i class='fa fa-chevron-right' style='color:#ffffff;'><\/i><\/a><\/div><\/div><\/div><ul class='owl-carousel recentportfolio clearfix' data-col=5><li class='item item-type-line'><a class='item-hover' href=https:\/\/primetechnologiescompany.com\/fr\/portfolio\/htel-onomo-abidjan-cote-divoire\/><div class='mask'><\/div><div class='item-info'><div class='headline'><h2>H\u00d4TEL ONOMO | ABIDJAN | C\u00d4TE D&rsquo;IVOIRE<\/h2><\/div><\/div><\/a><div class='item-img'><img width=\"360\" height=\"267\" src=\"https:\/\/primetechnologiescompany.com\/wp-content\/uploads\/2021\/09\/Makinen-HotelOnomo-Abidjan-CostaAvorio6-360x267.jpg\" class=\"attachment-post-thumb size-post-thumb wp-post-image\" alt=\"\" decoding=\"async\" loading=\"lazy\" \/><\/div><\/li><li class='item item-type-line'><a class='item-hover' href=https:\/\/primetechnologiescompany.com\/fr\/portfolio\/htel-onomo-kampala-ouganda\/><div class='mask'><\/div><div class='item-info'><div class='headline'><h2>H\u00d4TEL ONOMO | KAMPALA | OUGANDA<\/h2><\/div><\/div><\/a><div class='item-img'><img width=\"360\" height=\"267\" src=\"https:\/\/primetechnologiescompany.com\/wp-content\/uploads\/2021\/09\/Makinen-HotelOnomo-Kampala-Uganda12-360x267.jpg\" class=\"attachment-post-thumb size-post-thumb wp-post-image\" alt=\"\" decoding=\"async\" loading=\"lazy\" \/><\/div><\/li><li class='item item-type-line'><a class='item-hover' href=https:\/\/primetechnologiescompany.com\/fr\/portfolio\/htel-onomo-dakar-senegal\/><div class='mask'><\/div><div class='item-info'><div class='headline'><h2>H\u00d4TEL ONOMO | DAKAR | S\u00c9N\u00c9GAL<\/h2><\/div><\/div><\/a><div class='item-img'><img width=\"360\" height=\"267\" src=\"https:\/\/primetechnologiescompany.com\/wp-content\/uploads\/2021\/09\/Makinen-Onomo-Dakar-Senegal-4-360x267.jpeg\" class=\"attachment-post-thumb size-post-thumb wp-post-image\" alt=\"\" decoding=\"async\" loading=\"lazy\" \/><\/div><\/li><li class='item item-type-line'><a class='item-hover' href=https:\/\/primetechnologiescompany.com\/fr\/portfolio\/htel-noom-niamey-niger\/><div class='mask'><\/div><div class='item-info'><div class='headline'><h2>H\u00d4TEL NOOM | NIAMEY | NIGER<\/h2><\/div><\/div><\/a><div class='item-img'><img width=\"360\" height=\"267\" src=\"https:\/\/primetechnologiescompany.com\/wp-content\/uploads\/2021\/09\/Makinen-noom-hotel-niamey-26-360x267.jpg\" class=\"attachment-post-thumb size-post-thumb wp-post-image\" alt=\"\" decoding=\"async\" loading=\"lazy\" \/><\/div><\/li><li class='item item-type-line'><a class='item-hover' href=https:\/\/primetechnologiescompany.com\/fr\/portfolio\/ministerial-offices\/><div class='mask'><\/div><div class='item-info'><div class='headline'><h2>BUREAUX MINIST\u00c9RIELS<\/h2><\/div><\/div><\/a><div class='item-img'><img width=\"360\" height=\"267\" src=\"https:\/\/primetechnologiescompany.com\/wp-content\/uploads\/2020\/01\/featured-6-360x267.jpg\" class=\"attachment-post-thumb size-post-thumb wp-post-image\" alt=\"\" decoding=\"async\" loading=\"lazy\" \/><\/div><\/li><li class='item item-type-line'><a class='item-hover' href=https:\/\/primetechnologiescompany.com\/fr\/portfolio\/hotel-mandji-port-gentil\/><div class='mask'><\/div><div class='item-info'><div class='headline'><h2>H\u00d4TEL MANDJI PORT GENTIL<\/h2><\/div><\/div><\/a><div class='item-img'><img width=\"360\" height=\"267\" src=\"https:\/\/primetechnologiescompany.com\/wp-content\/uploads\/2020\/01\/featured-5-360x267.jpg\" class=\"attachment-post-thumb size-post-thumb wp-post-image\" alt=\"\" decoding=\"async\" loading=\"lazy\" \/><\/div><\/li><li class='item item-type-line'><a class='item-hover' href=https:\/\/primetechnologiescompany.com\/fr\/portfolio\/ndjamena-palace\/><div class='mask'><\/div><div class='item-info'><div class='headline'><h2>PALAIS DE N\u2019DJAMENA<\/h2><\/div><\/div><\/a><div class='item-img'><img width=\"360\" height=\"267\" src=\"https:\/\/primetechnologiescompany.com\/wp-content\/uploads\/2020\/01\/featured-4-360x267.jpg\" class=\"attachment-post-thumb size-post-thumb wp-post-image\" alt=\"\" decoding=\"async\" loading=\"lazy\" \/><\/div><\/li><li class='item item-type-line'><a class='item-hover' href=https:\/\/primetechnologiescompany.com\/fr\/portfolio\/novotel-hotel\/><div class='mask'><\/div><div class='item-info'><div class='headline'><h2>H\u00d4TEL NOVOTEL<\/h2><\/div><\/div><\/a><div class='item-img'><img width=\"360\" height=\"267\" src=\"https:\/\/primetechnologiescompany.com\/wp-content\/uploads\/2020\/01\/features-360x267.jpg\" class=\"attachment-post-thumb size-post-thumb wp-post-image\" alt=\"\" decoding=\"async\" loading=\"lazy\" \/><\/div><\/li><li class='item item-type-line'><a class='item-hover' href=https:\/\/primetechnologiescompany.com\/fr\/portfolio\/private-residence-3\/><div class='mask'><\/div><div class='item-info'><div class='headline'><h2>R\u00c9SIDENCE PRIV\u00c9E MONGOMO<\/h2><\/div><\/div><\/a><div class='item-img'><img width=\"360\" height=\"267\" src=\"https:\/\/primetechnologiescompany.com\/wp-content\/uploads\/2020\/01\/featured-3-360x267.jpg\" class=\"attachment-post-thumb size-post-thumb wp-post-image\" alt=\"\" decoding=\"async\" loading=\"lazy\" \/><\/div><\/li><li class='item item-type-line'><a class='item-hover' href=https:\/\/primetechnologiescompany.com\/fr\/portfolio\/cathedral-and-seminary\/><div class='mask'><\/div><div class='item-info'><div class='headline'><h2>CATH\u00c9DRALE ET S\u00c9MINAIRE<\/h2><\/div><\/div><\/a><div class='item-img'><img width=\"360\" height=\"267\" src=\"https:\/\/primetechnologiescompany.com\/wp-content\/uploads\/2020\/01\/featured-2-360x267.jpg\" class=\"attachment-post-thumb size-post-thumb wp-post-image\" alt=\"\" decoding=\"async\" loading=\"lazy\" \/><\/div><\/li><\/ul>[\/vc_column][\/vc_row][vc_row full_width=\u00a0\u00bbstretch_row\u00a0\u00bb content_placement=\u00a0\u00bbmiddle\u00a0\u00bb parallax=\u00a0\u00bbcontent-moving\u00a0\u00bb parallax_image=\u00a0\u00bb1857&Prime; parallax_speed_bg=\u00a0\u00bb2&Prime; css=\u00a0\u00bb.vc_custom_1579527283497 {padding-top: 40px !important;}\u00a0\u00bb][vc_column width=\u00a0\u00bb1\/2&Prime;][\/vc_column][vc_column width=\u00a0\u00bb1\/2&Prime;][vc_custom_heading text=\u00a0\u00bbConstruire vos visions et cr\u00e9er la r\u00e9alit\u00e9.\u00a0\u00bb font_container=\u00a0\u00bbtag:h3|font_size:42px|text_align:left|line_height:46px\u00a0\u00bb use_theme_fonts=\u00a0\u00bbyes\u00a0\u00bb][vc_empty_space height=\u00a0\u00bb20px\u00a0\u00bb][vc_empty_space height=\u00a0\u00bb20px\u00a0\u00bb]<a target=\"_self\" href=\"primetechnologiescompany.com\/contact-us\/\" class=\"btn  btn-sm style-1\" id=\"custom-id-0\" style=\"\">Nous contacter<\/a>[vc_empty_space height=\u00a0\u00bb20px\u00a0\u00bb][vc_empty_space height=\u00a0\u00bb20px\u00a0\u00bb][vc_empty_space height=\u00a0\u00bb40px\u00a0\u00bb][\/vc_column][\/vc_row][vc_row el_class=\u00a0\u00bbtext-center\u00a0\u00bb css=\u00a0\u00bb.vc_custom_1530183075466 {margin-bottom: 80px !important;}\u00a0\u00bb][vc_column][\/vc_column][\/vc_row][vc_row 0=\u00a0\u00bbcss=\u00ab\u00a0.vc_custom_1579517419398&Prime; 1=\u00a0\u00bb{margin-bottom:\u00a0\u00bb 2=\u00a0\u00bb120px\u00a0\u00bb 3=\u00a0\u00bb!important;\u00a0\u00bb 4=\u00a0\u00bbpadding-top:\u00a0\u00bb 5=\u00a0\u00bb110px\u00a0\u00bb 6=\u00a0\u00bb!important;}\u00a0\u00bb 7=\u00a0\u00bb\u00ab\u00a0el_class=\u00ab\u00a0text-center\u00ab\u00a0\u00a0\u00bb full_width=\u00a0\u00bbstretch_row\u00a0\u00bb parallax=\u00a0\u00bbcontent-moving\u00a0\u00bb parallax_image=\u00a0\u00bb1860&Prime; parallax_speed_bg=\u00a0\u00bb3&Prime;][vc_column][vc_custom_heading text=\u00a0\u00bbNous allons faire de vos r\u00eaves une r\u00e9alit\u00e9\u00a0\u00bb font_container=\u00a0\u00bbtag:h3|font_size:24px|text_align:center|color:%23ffffff|line_height:1em\u00a0\u00bb use_theme_fonts=\u00a0\u00bbyes\u00a0\u00bb][vc_custom_heading text=\u00a0\u00bbFournit des solutions de<br \/>\nconstruction commerciale depuis 2000&Prime; font_container=\u00a0\u00bbtag:h3|font_size:54px|text_align:center|color:%23ffffff|line_height:65px\u00a0\u00bb use_theme_fonts=\u00a0\u00bbyes\u00a0\u00bb][vc_empty_space height=\u00a0\u00bb20px\u00a0\u00bb]<a target=\"_self\" href=\"https:\/\/primetechnologiescompany.com\/contact-us-3\/?lang=fr\" class=\"btn  btn-md style-1\" id=\"custom-id-1\" style=\"\">Demander un devis gratuit<\/a>[vc_empty_space height=\u00a0\u00bb20px\u00a0\u00bb][\/vc_column][\/vc_row]<\/p>\n","protected":false},"excerpt":{"rendered":"<p>[vc_row 0=\u00a0\u00bbhas_content=\u00ab\u00a0true\u00ab\u00a0css\u00ab\u00a0.vc_custom_1579525835742{margin-bottom:\u00a0\u00bb 1=\u00a0\u00bb300px\u00a0\u00bb 2=\u00a0\u00bb!important;}\u00ab\u00a0\u00a0\u00bb full_width=\u00a0\u00bbstretch_row_content_no_spaces\u00a0\u00bb][vc_column][rev_slider_vc alias=\u00a0\u00bbhome-1&Prime;][\/vc_column][\/vc_row][vc_row 0=\u00a0\u00bbcss=\u00ab\u00a0.vc_custom_1530278331180{background-position:\u00a0\u00bb 1=\u00a0\u00bbcenter!\u00a0\u00bb 2=\u00a0\u00bbimportant;\u00a0\u00bb 3=\u00a0\u00bbbackground-repeat:\u00a0\u00bb 4=\u00a0\u00bbno-repeat!\u00a0\u00bb 5=\u00a0\u00bbimportant;\u00a0\u00bb 6=\u00a0\u00bbbackground-size:\u00a0\u00bb 7=\u00a0\u00bbcover\u00a0\u00bb 8=\u00a0\u00bb!important;}\u00ab\u00a0el_class=\u00ab\u00a0position-top-over\u00ab\u00a0\u00ab\u00a0][vc_column width=\u00a0\u00bb1\/3&Prime; css=\u00a0\u00bb.vc_custom_1530278316047{background-color: #ffffff !important;}\u00a0\u00bb][\/vc_column][vc_column width=\u00a0\u00bb1\/3&Prime; css=\u00a0\u00bb.vc_custom_1530278321487{background-color: #ffffff !important;}\u00a0\u00bb][\/vc_column][vc_column width=\u00a0\u00bb1\/3&Prime;][\/vc_column][\/vc_row][vc_row 0=\u00a0\u00bbhas_content =\u00a0\u00bb 1=\u00a0\u00bbinside\u00a0\u00bb 2=\u00a0\u00bb\u00ab\u00a0\u00a0\u00bb full_width=\u00a0\u00bbstretch_row_content\u00a0\u00bb parallax=\u00a0\u00bbcontent-moving\u00a0\u00bb parallax_image=\u00a0\u00bb1854&Prime; parallax_speed_bg=\u00a0\u00bb2&Prime; css=\u00a0\u00bb.vc_custom_1579515317979{padding-top: 70px !important; padding-bottom: 70px! important }\u00a0\u00bb][vc_column][\/vc_column][\/vc_row][vc_row full_width=\u00a0\u00bbstretch_row\u00a0\u00bb&#8230;<\/p>\n","protected":false},"author":1,"featured_media":0,"parent":0,"menu_order":0,"comment_status":"open","ping_status":"closed","template":"","meta":[],"yst_prominent_words":[],"_links":{"self":[{"href":"https:\/\/primetechnologiescompany.com\/fr\/wp-json\/wp\/v2\/pages\/2681"}],"collection":[{"href":"https:\/\/primetechnologiescompany.com\/fr\/wp-json\/wp\/v2\/pages"}],"about":[{"href":"https:\/\/primetechnologiescompany.com\/fr\/wp-json\/wp\/v2\/types\/page"}],"author":[{"embeddable":true,"href":"https:\/\/primetechnologiescompany.com\/fr\/wp-json\/wp\/v2\/users\/1"}],"replies":[{"embeddable":true,"href":"https:\/\/primetechnologiescompany.com\/fr\/wp-json\/wp\/v2\/comments?post=2681"}],"version-history":[{"count":5,"href":"https:\/\/primetechnologiescompany.com\/fr\/wp-json\/wp\/v2\/pages\/2681\/revisions"}],"predecessor-version":[{"id":3031,"href":"https:\/\/primetechnologiescompany.com\/fr\/wp-json\/wp\/v2\/pages\/2681\/revisions\/3031"}],"wp:attachment":[{"href":"https:\/\/primetechnologiescompany.com\/fr\/wp-json\/wp\/v2\/media?parent=2681"}],"wp:term":[{"taxonomy":"yst_prominent_words","embeddable":true,"href":"https:\/\/primetechnologiescompany.com\/fr\/wp-json\/wp\/v2\/yst_prominent_words?post=2681"}],"curies":[{"name":"wp","href":"https:\/\/api.w.org\/{rel}","templated":true}]}}