{"id":2677,"date":"2014-11-11T11:12:55","date_gmt":"2014-11-11T11:12:55","guid":{"rendered":"https:\/\/primetechnologiescompany.com\/projects\/"},"modified":"2014-11-11T11:12:55","modified_gmt":"2014-11-11T11:12:55","slug":"projects","status":"publish","type":"page","link":"https:\/\/primetechnologiescompany.com\/fr\/projects\/","title":{"rendered":"Projects"},"content":{"rendered":"<p>[vc_row css=\u00a0\u00bb.vc_custom_1418303236699{margin-top: -75px !important;}\u00a0\u00bb has_content=\u00a0\u00bbtrue\u00a0\u00bb][vc_column]<ul class='filter style-1'><i style=\"color: #000000;\" class=\"fa fa-filter\"><\/i><li><button style=\"color: #000000;\" data-filter=\"*\">All<\/button><\/li><\/ul><ul class='portfolio isotope classic'><li class='isotope-item  col-xs-6 col-md-4'><article class='inner'><a class='item-hover' href='https:\/\/primetechnologiescompany.com\/fr\/portfolio\/htel-onomo-abidjan-cote-divoire\/'><div class='mask'><\/div><div class='item-info'><div class='headline'><h2>H\u00d4TEL ONOMO | ABIDJAN | C\u00d4TE D&rsquo;IVOIRE<\/h2><\/div><\/div><\/a><div class='item-img'><img width=\"360\" height=\"267\" src=\"https:\/\/primetechnologiescompany.com\/wp-content\/uploads\/2021\/09\/Makinen-HotelOnomo-Abidjan-CostaAvorio6-360x267.jpg\" class=\"attachment-post-thumb attachment-post-thumb size-post-thumb wp-post-image\" alt=\"\" decoding=\"async\" loading=\"lazy\" \/><\/div><\/article><\/li><li class='isotope-item  col-xs-6 col-md-4'><article class='inner'><a class='item-hover' href='https:\/\/primetechnologiescompany.com\/fr\/portfolio\/htel-onomo-kampala-ouganda\/'><div class='mask'><\/div><div class='item-info'><div class='headline'><h2>H\u00d4TEL ONOMO | KAMPALA | OUGANDA<\/h2><\/div><\/div><\/a><div class='item-img'><img width=\"360\" height=\"267\" src=\"https:\/\/primetechnologiescompany.com\/wp-content\/uploads\/2021\/09\/Makinen-HotelOnomo-Kampala-Uganda12-360x267.jpg\" class=\"attachment-post-thumb attachment-post-thumb size-post-thumb wp-post-image\" alt=\"\" decoding=\"async\" loading=\"lazy\" \/><\/div><\/article><\/li><li class='isotope-item  col-xs-6 col-md-4'><article class='inner'><a class='item-hover' href='https:\/\/primetechnologiescompany.com\/fr\/portfolio\/htel-onomo-dakar-senegal\/'><div class='mask'><\/div><div class='item-info'><div class='headline'><h2>H\u00d4TEL ONOMO | DAKAR | S\u00c9N\u00c9GAL<\/h2><\/div><\/div><\/a><div class='item-img'><img width=\"360\" height=\"267\" src=\"https:\/\/primetechnologiescompany.com\/wp-content\/uploads\/2021\/09\/Makinen-Onomo-Dakar-Senegal-4-360x267.jpeg\" class=\"attachment-post-thumb attachment-post-thumb size-post-thumb wp-post-image\" alt=\"\" decoding=\"async\" loading=\"lazy\" \/><\/div><\/article><\/li><li class='isotope-item  col-xs-6 col-md-4'><article class='inner'><a class='item-hover' href='https:\/\/primetechnologiescompany.com\/fr\/portfolio\/htel-noom-niamey-niger\/'><div class='mask'><\/div><div class='item-info'><div class='headline'><h2>H\u00d4TEL NOOM | NIAMEY | NIGER<\/h2><\/div><\/div><\/a><div class='item-img'><img width=\"360\" height=\"267\" src=\"https:\/\/primetechnologiescompany.com\/wp-content\/uploads\/2021\/09\/Makinen-noom-hotel-niamey-26-360x267.jpg\" class=\"attachment-post-thumb attachment-post-thumb size-post-thumb wp-post-image\" alt=\"\" decoding=\"async\" loading=\"lazy\" \/><\/div><\/article><\/li><li class='isotope-item  col-xs-6 col-md-4'><article class='inner'><a class='item-hover' href='https:\/\/primetechnologiescompany.com\/fr\/portfolio\/ministerial-offices\/'><div class='mask'><\/div><div class='item-info'><div class='headline'><h2>BUREAUX MINIST\u00c9RIELS<\/h2><\/div><\/div><\/a><div class='item-img'><img width=\"360\" height=\"267\" src=\"https:\/\/primetechnologiescompany.com\/wp-content\/uploads\/2020\/01\/featured-6-360x267.jpg\" class=\"attachment-post-thumb attachment-post-thumb size-post-thumb wp-post-image\" alt=\"\" decoding=\"async\" loading=\"lazy\" \/><\/div><\/article><\/li><li class='isotope-item  col-xs-6 col-md-4'><article class='inner'><a class='item-hover' href='https:\/\/primetechnologiescompany.com\/fr\/portfolio\/hotel-mandji-port-gentil\/'><div class='mask'><\/div><div class='item-info'><div class='headline'><h2>H\u00d4TEL MANDJI PORT GENTIL<\/h2><\/div><\/div><\/a><div class='item-img'><img width=\"360\" height=\"267\" src=\"https:\/\/primetechnologiescompany.com\/wp-content\/uploads\/2020\/01\/featured-5-360x267.jpg\" class=\"attachment-post-thumb attachment-post-thumb size-post-thumb wp-post-image\" alt=\"\" decoding=\"async\" loading=\"lazy\" \/><\/div><\/article><\/li><li class='isotope-item  col-xs-6 col-md-4'><article class='inner'><a class='item-hover' href='https:\/\/primetechnologiescompany.com\/fr\/portfolio\/ndjamena-palace\/'><div class='mask'><\/div><div class='item-info'><div class='headline'><h2>PALAIS DE N\u2019DJAMENA<\/h2><\/div><\/div><\/a><div class='item-img'><img width=\"360\" height=\"267\" src=\"https:\/\/primetechnologiescompany.com\/wp-content\/uploads\/2020\/01\/featured-4-360x267.jpg\" class=\"attachment-post-thumb attachment-post-thumb size-post-thumb wp-post-image\" alt=\"\" decoding=\"async\" loading=\"lazy\" \/><\/div><\/article><\/li><li class='isotope-item  col-xs-6 col-md-4'><article class='inner'><a class='item-hover' href='https:\/\/primetechnologiescompany.com\/fr\/portfolio\/novotel-hotel\/'><div class='mask'><\/div><div class='item-info'><div class='headline'><h2>H\u00d4TEL NOVOTEL<\/h2><\/div><\/div><\/a><div class='item-img'><img width=\"360\" height=\"267\" src=\"https:\/\/primetechnologiescompany.com\/wp-content\/uploads\/2020\/01\/features-360x267.jpg\" class=\"attachment-post-thumb attachment-post-thumb size-post-thumb wp-post-image\" alt=\"\" decoding=\"async\" loading=\"lazy\" \/><\/div><\/article><\/li><li class='isotope-item  col-xs-6 col-md-4'><article class='inner'><a class='item-hover' href='https:\/\/primetechnologiescompany.com\/fr\/portfolio\/private-residence-3\/'><div class='mask'><\/div><div class='item-info'><div class='headline'><h2>R\u00c9SIDENCE PRIV\u00c9E MONGOMO<\/h2><\/div><\/div><\/a><div class='item-img'><img width=\"360\" height=\"267\" src=\"https:\/\/primetechnologiescompany.com\/wp-content\/uploads\/2020\/01\/featured-3-360x267.jpg\" class=\"attachment-post-thumb attachment-post-thumb size-post-thumb wp-post-image\" alt=\"\" decoding=\"async\" loading=\"lazy\" \/><\/div><\/article><\/li><li class='isotope-item  col-xs-6 col-md-4'><article class='inner'><a class='item-hover' href='https:\/\/primetechnologiescompany.com\/fr\/portfolio\/cathedral-and-seminary\/'><div class='mask'><\/div><div class='item-info'><div class='headline'><h2>CATH\u00c9DRALE ET S\u00c9MINAIRE<\/h2><\/div><\/div><\/a><div class='item-img'><img width=\"360\" height=\"267\" src=\"https:\/\/primetechnologiescompany.com\/wp-content\/uploads\/2020\/01\/featured-2-360x267.jpg\" class=\"attachment-post-thumb attachment-post-thumb size-post-thumb wp-post-image\" alt=\"\" decoding=\"async\" loading=\"lazy\" \/><\/div><\/article><\/li><li class='isotope-item  col-xs-6 col-md-4'><article class='inner'><a class='item-hover' href='https:\/\/primetechnologiescompany.com\/fr\/portfolio\/twin-villa\/'><div class='mask'><\/div><div class='item-info'><div class='headline'><h2>VILLA TWIN<\/h2><\/div><\/div><\/a><div class='item-img'><img width=\"360\" height=\"267\" src=\"https:\/\/primetechnologiescompany.com\/wp-content\/uploads\/2020\/01\/featured-1-360x267.jpg\" class=\"attachment-post-thumb attachment-post-thumb size-post-thumb wp-post-image\" alt=\"\" decoding=\"async\" loading=\"lazy\" \/><\/div><\/article><\/li><li class='isotope-item  col-xs-6 col-md-4'><article class='inner'><a class='item-hover' href='https:\/\/primetechnologiescompany.com\/fr\/portfolio\/sofitel-president-palace-hotel\/'><div class='mask'><\/div><div class='item-info'><div class='headline'><h2>H\u00d4TEL SOFITEL PRESIDENT PALACE<\/h2><\/div><\/div><\/a><div class='item-img'><img width=\"360\" height=\"267\" src=\"https:\/\/primetechnologiescompany.com\/wp-content\/uploads\/2020\/01\/featured-360x267.jpg\" class=\"attachment-post-thumb attachment-post-thumb size-post-thumb wp-post-image\" alt=\"\" decoding=\"async\" loading=\"lazy\" \/><\/div><\/article><\/li><li class='isotope-item  col-xs-6 col-md-4'><article class='inner'><a class='item-hover' href='https:\/\/primetechnologiescompany.com\/fr\/portfolio\/bata-equatorial-guinea\/'><div class='mask'><\/div><div class='item-info'><div class='headline'><h2>PALAIS DES CONGR\u00c8S<\/h2><\/div><\/div><\/a><div class='item-img'><img width=\"360\" height=\"267\" src=\"https:\/\/primetechnologiescompany.com\/wp-content\/uploads\/2014\/12\/congress-featured-360x267.jpg\" class=\"attachment-post-thumb attachment-post-thumb size-post-thumb wp-post-image\" alt=\"\" decoding=\"async\" loading=\"lazy\" \/><\/div><\/article><\/li><li class='isotope-item  col-xs-6 col-md-4'><article class='inner'><a class='item-hover' href='https:\/\/primetechnologiescompany.com\/fr\/portfolio\/golf-guest-house\/'><div class='mask'><\/div><div class='item-info'><div class='headline'><h2>MAISON D&rsquo;H\u00d4TES DE GOLF<\/h2><\/div><\/div><\/a><div class='item-img'><img width=\"360\" height=\"267\" src=\"https:\/\/primetechnologiescompany.com\/wp-content\/uploads\/2014\/12\/Untitled-1-360x267.jpg\" class=\"attachment-post-thumb attachment-post-thumb size-post-thumb wp-post-image\" alt=\"\" decoding=\"async\" loading=\"lazy\" \/><\/div><\/article><\/li><li class='isotope-item  col-xs-6 col-md-4'><article class='inner'><a class='item-hover' href='https:\/\/primetechnologiescompany.com\/fr\/portfolio\/ibis-hotel\/'><div class='mask'><\/div><div class='item-info'><div class='headline'><h2>H\u00d4TEL IBIS<\/h2><\/div><\/div><\/a><div class='item-img'><img width=\"360\" height=\"267\" src=\"https:\/\/primetechnologiescompany.com\/wp-content\/uploads\/2014\/12\/featured-360x267.jpg\" class=\"attachment-post-thumb attachment-post-thumb size-post-thumb wp-post-image\" alt=\"\" decoding=\"async\" loading=\"lazy\" \/><\/div><\/article><\/li><li class='isotope-item  col-xs-6 col-md-4'><article class='inner'><a class='item-hover' href='https:\/\/primetechnologiescompany.com\/fr\/portfolio\/private-residence\/'><div class='mask'><\/div><div class='item-info'><div class='headline'><h2>R\u00e9sidence priv\u00e9<\/h2><\/div><\/div><\/a><div class='item-img'><img width=\"360\" height=\"267\" src=\"https:\/\/primetechnologiescompany.com\/wp-content\/uploads\/2014\/11\/featured-360x267.jpg\" class=\"attachment-post-thumb attachment-post-thumb size-post-thumb wp-post-image\" alt=\"\" decoding=\"async\" loading=\"lazy\" \/><\/div><\/article><\/li><li class='isotope-item  col-xs-6 col-md-4'><article class='inner'><a class='item-hover' href='https:\/\/primetechnologiescompany.com\/fr\/portfolio\/sea-side-residence\/'><div class='mask'><\/div><div class='item-info'><div class='headline'><h2>Cave \u00e0 vin priv\u00e9e et discoth\u00e8que<\/h2><\/div><\/div><\/a><div class='item-img'><img width=\"360\" height=\"267\" src=\"https:\/\/primetechnologiescompany.com\/wp-content\/uploads\/2014\/11\/featured-1-360x267.jpg\" class=\"attachment-post-thumb attachment-post-thumb size-post-thumb wp-post-image\" alt=\"\" decoding=\"async\" loading=\"lazy\" \/><\/div><\/article><\/li><li class='isotope-item  col-xs-6 col-md-4'><article class='inner'><a class='item-hover' href='https:\/\/primetechnologiescompany.com\/fr\/portfolio\/villa-alep\/'><div class='mask'><\/div><div class='item-info'><div class='headline'><h2>VILLA ALEP<\/h2><\/div><\/div><\/a><div class='item-img'><img width=\"360\" height=\"267\" src=\"https:\/\/primetechnologiescompany.com\/wp-content\/uploads\/2014\/11\/featured-2-360x267.jpg\" class=\"attachment-post-thumb attachment-post-thumb size-post-thumb wp-post-image\" alt=\"\" decoding=\"async\" loading=\"lazy\" \/><\/div><\/article><\/li><li class='isotope-item  col-xs-6 col-md-4'><article class='inner'><a class='item-hover' href='https:\/\/primetechnologiescompany.com\/fr\/portfolio\/cmalabo-cultural-center\/'><div class='mask'><\/div><div class='item-info'><div class='headline'><h2>CENTRE CULTUREL CMALABO<\/h2><\/div><\/div><\/a><div class='item-img'><img width=\"360\" height=\"267\" src=\"https:\/\/primetechnologiescompany.com\/wp-content\/uploads\/2014\/11\/featured-3-360x267.jpg\" class=\"attachment-post-thumb attachment-post-thumb size-post-thumb wp-post-image\" alt=\"\" decoding=\"async\" loading=\"lazy\" \/><\/div><\/article><\/li><li class='isotope-item  col-xs-6 col-md-4'><article class='inner'><a class='item-hover' href='https:\/\/primetechnologiescompany.com\/fr\/portfolio\/malabo-parliament\/'><div class='mask'><\/div><div class='item-info'><div class='headline'><h2>PARLEMENT MALABO<\/h2><\/div><\/div><\/a><div class='item-img'><img width=\"360\" height=\"267\" src=\"https:\/\/primetechnologiescompany.com\/wp-content\/uploads\/2014\/11\/featured-4-360x267.jpg\" class=\"attachment-post-thumb attachment-post-thumb size-post-thumb wp-post-image\" alt=\"\" decoding=\"async\" loading=\"lazy\" \/><\/div><\/article><\/li><li class='isotope-item  col-xs-6 col-md-4'><article class='inner'><a class='item-hover' href='https:\/\/primetechnologiescompany.com\/fr\/portfolio\/private-residence-2\/'><div class='mask'><\/div><div class='item-info'><div class='headline'><h2>R\u00c9SIDENCE PRIV\u00c9<\/h2><\/div><\/div><\/a><div class='item-img'><img width=\"360\" height=\"267\" src=\"https:\/\/primetechnologiescompany.com\/wp-content\/uploads\/2013\/06\/featured-360x267.jpg\" class=\"attachment-post-thumb attachment-post-thumb size-post-thumb wp-post-image\" alt=\"\" decoding=\"async\" loading=\"lazy\" \/><\/div><\/article><\/li><\/ul><div class='portfolio-pagination'><\/div>[\/vc_column][\/vc_row]<\/p>\n","protected":false},"excerpt":{"rendered":"<p>[vc_row css=\u00a0\u00bb.vc_custom_1418303236699{margin-top: -75px !important;}\u00a0\u00bb has_content=\u00a0\u00bbtrue\u00a0\u00bb][vc_column][\/vc_column][\/vc_row]<\/p>\n","protected":false},"author":1,"featured_media":0,"parent":0,"menu_order":0,"comment_status":"open","ping_status":"closed","template":"","meta":[],"yst_prominent_words":[],"_links":{"self":[{"href":"https:\/\/primetechnologiescompany.com\/fr\/wp-json\/wp\/v2\/pages\/2677"}],"collection":[{"href":"https:\/\/primetechnologiescompany.com\/fr\/wp-json\/wp\/v2\/pages"}],"about":[{"href":"https:\/\/primetechnologiescompany.com\/fr\/wp-json\/wp\/v2\/types\/page"}],"author":[{"embeddable":true,"href":"https:\/\/primetechnologiescompany.com\/fr\/wp-json\/wp\/v2\/users\/1"}],"replies":[{"embeddable":true,"href":"https:\/\/primetechnologiescompany.com\/fr\/wp-json\/wp\/v2\/comments?post=2677"}],"version-history":[{"count":0,"href":"https:\/\/primetechnologiescompany.com\/fr\/wp-json\/wp\/v2\/pages\/2677\/revisions"}],"wp:attachment":[{"href":"https:\/\/primetechnologiescompany.com\/fr\/wp-json\/wp\/v2\/media?parent=2677"}],"wp:term":[{"taxonomy":"yst_prominent_words","embeddable":true,"href":"https:\/\/primetechnologiescompany.com\/fr\/wp-json\/wp\/v2\/yst_prominent_words?post=2677"}],"curies":[{"name":"wp","href":"https:\/\/api.w.org\/{rel}","templated":true}]}}