{"id":2675,"date":"2014-11-11T11:14:05","date_gmt":"2014-11-11T11:14:05","guid":{"rendered":"https:\/\/primetechnologiescompany.com\/about-us\/"},"modified":"2021-03-05T09:48:33","modified_gmt":"2021-03-05T09:48:33","slug":"about-us","status":"publish","type":"page","link":"https:\/\/primetechnologiescompany.com\/fr\/about-us\/","title":{"rendered":"\u00c0 propos de nous"},"content":{"rendered":"<p>[vc_row][vc_column width=\u00a0\u00bb1\/2&Prime;][vc_single_image image=\u00a0\u00bb1864&Prime; img_size=\u00a0\u00bbfull\u00a0\u00bb alignment=\u00a0\u00bbcenter\u00a0\u00bb][vc_empty_space height=\u00a0\u00bb20px\u00a0\u00bb][\/vc_column][vc_column width=\u00a0\u00bb1\/2&Prime;][vc_column_text]<\/p>\n<h3><strong>\u00c0 PROPOS DE NOUS<\/strong><\/h3>\n<p>Prime Technologies Company (PTC) est l&rsquo;une des principales soci\u00e9t\u00e9s sp\u00e9cialis\u00e9es dans la conception, la gestion et l&rsquo;ex\u00e9cution de travaux de m\u00e9canique, d&rsquo;\u00e9lectricit\u00e9 et de plomberie (MEP).<\/p>\n<p>Nous fournissons \u00e0 nos clients la meilleure ing\u00e9nierie de valeur, l&rsquo;approvisionnement strat\u00e9gique et la gestion de projet dans une grande vari\u00e9t\u00e9 de secteurs dans le monde. Ce service d&rsquo;ing\u00e9nierie int\u00e9gr\u00e9 permet \u00e0 nos clients de b\u00e9n\u00e9ficier d&rsquo;une approche \u00e0 guichet unique avec des co\u00fbts inf\u00e9rieurs, de meilleurs calendriers de livraison et une conception synergique ainsi que la capacit\u00e9 d&rsquo;ex\u00e9cution dominante.<\/p>\n<p>PTC a \u00e9t\u00e9 lanc\u00e9 en 2000 et a commenc\u00e9 son expansion depuis le Liban en 2002 pour p\u00e9n\u00e9trer de nouveaux march\u00e9s tels que la Guin\u00e9e \u00e9quatoriale, le Tchad, le Gabon, le Nig\u00e9ria et le S\u00e9n\u00e9gal de mani\u00e8re tr\u00e8s fluide pour plusieurs raisons,<\/p>\n<ul>\n<li>Syst\u00e8me puissant de gestion de la qualit\u00e9 (ISO).<\/li>\n<li>Disponibilit\u00e9 du syst\u00e8me de documentation num\u00e9rique (VBC).<\/li>\n<li>Accepter les d\u00e9fis pour les nouveaux projets tels que les projets certifi\u00e9s IC LEED.<\/li>\n<li>Relations strat\u00e9giques avec nos parties prenantes.<\/li>\n<li>Bonne r\u00e9putation aupr\u00e8s de nos parties prenantes.<\/li>\n<\/ul>\n<p>[\/vc_column_text][\/vc_column][\/vc_row][vc_row full_width=\u00a0\u00bbstretch_row_content_no_spaces\u00a0\u00bb css=\u00a0\u00bb.vc_custom_1500549738844{margin-top: 50px !important;}\u00a0\u00bb][vc_column]<div class='container'><div class='row owly'><div class='col-md-6 col-xs-6'><h2 style='color:#292929;'>FEATURED WORK<\/h2><\/div><div class='col-xs-6 col-md-6 align-right'><a class='owlprev' style='background:#ffffff;'><i class='fa fa-chevron-left' style='color:#292929;'><\/i><\/a><a class='owlnext' style='background:#ffffff;'><i class='fa fa-chevron-right' style='color:#292929;'><\/i><\/a><\/div><\/div><\/div><ul class='owl-carousel recentportfolio clearfix' data-col=5><li class='item item-type-line'><a class='item-hover' href=https:\/\/primetechnologiescompany.com\/fr\/portfolio\/htel-onomo-abidjan-cote-divoire\/><div class='mask'><\/div><div class='item-info'><div class='headline'><h2>H\u00d4TEL ONOMO | ABIDJAN | C\u00d4TE D&rsquo;IVOIRE<\/h2><\/div><\/div><\/a><div class='item-img'><img width=\"360\" height=\"267\" src=\"https:\/\/primetechnologiescompany.com\/wp-content\/uploads\/2021\/09\/Makinen-HotelOnomo-Abidjan-CostaAvorio6-360x267.jpg\" class=\"attachment-post-thumb size-post-thumb wp-post-image\" alt=\"\" decoding=\"async\" loading=\"lazy\" \/><\/div><\/li><li class='item item-type-line'><a class='item-hover' href=https:\/\/primetechnologiescompany.com\/fr\/portfolio\/htel-onomo-kampala-ouganda\/><div class='mask'><\/div><div class='item-info'><div class='headline'><h2>H\u00d4TEL ONOMO | KAMPALA | OUGANDA<\/h2><\/div><\/div><\/a><div class='item-img'><img width=\"360\" height=\"267\" src=\"https:\/\/primetechnologiescompany.com\/wp-content\/uploads\/2021\/09\/Makinen-HotelOnomo-Kampala-Uganda12-360x267.jpg\" class=\"attachment-post-thumb size-post-thumb wp-post-image\" alt=\"\" decoding=\"async\" loading=\"lazy\" \/><\/div><\/li><li class='item item-type-line'><a class='item-hover' href=https:\/\/primetechnologiescompany.com\/fr\/portfolio\/htel-onomo-dakar-senegal\/><div class='mask'><\/div><div class='item-info'><div class='headline'><h2>H\u00d4TEL ONOMO | DAKAR | S\u00c9N\u00c9GAL<\/h2><\/div><\/div><\/a><div class='item-img'><img width=\"360\" height=\"267\" src=\"https:\/\/primetechnologiescompany.com\/wp-content\/uploads\/2021\/09\/Makinen-Onomo-Dakar-Senegal-4-360x267.jpeg\" class=\"attachment-post-thumb size-post-thumb wp-post-image\" alt=\"\" decoding=\"async\" loading=\"lazy\" \/><\/div><\/li><li class='item item-type-line'><a class='item-hover' href=https:\/\/primetechnologiescompany.com\/fr\/portfolio\/htel-noom-niamey-niger\/><div class='mask'><\/div><div class='item-info'><div class='headline'><h2>H\u00d4TEL NOOM | NIAMEY | NIGER<\/h2><\/div><\/div><\/a><div class='item-img'><img width=\"360\" height=\"267\" src=\"https:\/\/primetechnologiescompany.com\/wp-content\/uploads\/2021\/09\/Makinen-noom-hotel-niamey-26-360x267.jpg\" class=\"attachment-post-thumb size-post-thumb wp-post-image\" alt=\"\" decoding=\"async\" loading=\"lazy\" \/><\/div><\/li><li class='item item-type-line'><a class='item-hover' href=https:\/\/primetechnologiescompany.com\/fr\/portfolio\/ministerial-offices\/><div class='mask'><\/div><div class='item-info'><div class='headline'><h2>BUREAUX MINIST\u00c9RIELS<\/h2><\/div><\/div><\/a><div class='item-img'><img width=\"360\" height=\"267\" src=\"https:\/\/primetechnologiescompany.com\/wp-content\/uploads\/2020\/01\/featured-6-360x267.jpg\" class=\"attachment-post-thumb size-post-thumb wp-post-image\" alt=\"\" decoding=\"async\" loading=\"lazy\" \/><\/div><\/li><li class='item item-type-line'><a class='item-hover' href=https:\/\/primetechnologiescompany.com\/fr\/portfolio\/hotel-mandji-port-gentil\/><div class='mask'><\/div><div class='item-info'><div class='headline'><h2>H\u00d4TEL MANDJI PORT GENTIL<\/h2><\/div><\/div><\/a><div class='item-img'><img width=\"360\" height=\"267\" src=\"https:\/\/primetechnologiescompany.com\/wp-content\/uploads\/2020\/01\/featured-5-360x267.jpg\" class=\"attachment-post-thumb size-post-thumb wp-post-image\" alt=\"\" decoding=\"async\" loading=\"lazy\" \/><\/div><\/li><li class='item item-type-line'><a class='item-hover' href=https:\/\/primetechnologiescompany.com\/fr\/portfolio\/ndjamena-palace\/><div class='mask'><\/div><div class='item-info'><div class='headline'><h2>PALAIS DE N\u2019DJAMENA<\/h2><\/div><\/div><\/a><div class='item-img'><img width=\"360\" height=\"267\" src=\"https:\/\/primetechnologiescompany.com\/wp-content\/uploads\/2020\/01\/featured-4-360x267.jpg\" class=\"attachment-post-thumb size-post-thumb wp-post-image\" alt=\"\" decoding=\"async\" loading=\"lazy\" \/><\/div><\/li><li class='item item-type-line'><a class='item-hover' href=https:\/\/primetechnologiescompany.com\/fr\/portfolio\/novotel-hotel\/><div class='mask'><\/div><div class='item-info'><div class='headline'><h2>H\u00d4TEL NOVOTEL<\/h2><\/div><\/div><\/a><div class='item-img'><img width=\"360\" height=\"267\" src=\"https:\/\/primetechnologiescompany.com\/wp-content\/uploads\/2020\/01\/features-360x267.jpg\" class=\"attachment-post-thumb size-post-thumb wp-post-image\" alt=\"\" decoding=\"async\" loading=\"lazy\" \/><\/div><\/li><li class='item item-type-line'><a class='item-hover' href=https:\/\/primetechnologiescompany.com\/fr\/portfolio\/private-residence-3\/><div class='mask'><\/div><div class='item-info'><div class='headline'><h2>R\u00c9SIDENCE PRIV\u00c9E MONGOMO<\/h2><\/div><\/div><\/a><div class='item-img'><img width=\"360\" height=\"267\" src=\"https:\/\/primetechnologiescompany.com\/wp-content\/uploads\/2020\/01\/featured-3-360x267.jpg\" class=\"attachment-post-thumb size-post-thumb wp-post-image\" alt=\"\" decoding=\"async\" loading=\"lazy\" \/><\/div><\/li><li class='item item-type-line'><a class='item-hover' href=https:\/\/primetechnologiescompany.com\/fr\/portfolio\/cathedral-and-seminary\/><div class='mask'><\/div><div class='item-info'><div class='headline'><h2>CATH\u00c9DRALE ET S\u00c9MINAIRE<\/h2><\/div><\/div><\/a><div class='item-img'><img width=\"360\" height=\"267\" src=\"https:\/\/primetechnologiescompany.com\/wp-content\/uploads\/2020\/01\/featured-2-360x267.jpg\" class=\"attachment-post-thumb size-post-thumb wp-post-image\" alt=\"\" decoding=\"async\" loading=\"lazy\" \/><\/div><\/li><\/ul>[\/vc_column][\/vc_row]<\/p>\n","protected":false},"excerpt":{"rendered":"<p>[vc_row][vc_column width=\u00a0\u00bb1\/2&Prime;][vc_single_image image=\u00a0\u00bb1864&Prime; img_size=\u00a0\u00bbfull\u00a0\u00bb alignment=\u00a0\u00bbcenter\u00a0\u00bb][vc_empty_space height=\u00a0\u00bb20px\u00a0\u00bb][\/vc_column][vc_column width=\u00a0\u00bb1\/2&Prime;][vc_column_text] \u00c0 PROPOS DE NOUS Prime Technologies Company (PTC) est l&rsquo;une des principales soci\u00e9t\u00e9s sp\u00e9cialis\u00e9es dans la conception, la gestion et l&rsquo;ex\u00e9cution de travaux de m\u00e9canique, d&rsquo;\u00e9lectricit\u00e9 et de plomberie (MEP). Nous fournissons \u00e0&#8230;<\/p>\n","protected":false},"author":1,"featured_media":0,"parent":0,"menu_order":0,"comment_status":"open","ping_status":"closed","template":"","meta":[],"yst_prominent_words":[],"_links":{"self":[{"href":"https:\/\/primetechnologiescompany.com\/fr\/wp-json\/wp\/v2\/pages\/2675"}],"collection":[{"href":"https:\/\/primetechnologiescompany.com\/fr\/wp-json\/wp\/v2\/pages"}],"about":[{"href":"https:\/\/primetechnologiescompany.com\/fr\/wp-json\/wp\/v2\/types\/page"}],"author":[{"embeddable":true,"href":"https:\/\/primetechnologiescompany.com\/fr\/wp-json\/wp\/v2\/users\/1"}],"replies":[{"embeddable":true,"href":"https:\/\/primetechnologiescompany.com\/fr\/wp-json\/wp\/v2\/comments?post=2675"}],"version-history":[{"count":5,"href":"https:\/\/primetechnologiescompany.com\/fr\/wp-json\/wp\/v2\/pages\/2675\/revisions"}],"predecessor-version":[{"id":3028,"href":"https:\/\/primetechnologiescompany.com\/fr\/wp-json\/wp\/v2\/pages\/2675\/revisions\/3028"}],"wp:attachment":[{"href":"https:\/\/primetechnologiescompany.com\/fr\/wp-json\/wp\/v2\/media?parent=2675"}],"wp:term":[{"taxonomy":"yst_prominent_words","embeddable":true,"href":"https:\/\/primetechnologiescompany.com\/fr\/wp-json\/wp\/v2\/yst_prominent_words?post=2675"}],"curies":[{"name":"wp","href":"https:\/\/api.w.org\/{rel}","templated":true}]}}